{"id":64,"date":"2025-09-26T23:25:55","date_gmt":"2025-09-26T21:25:55","guid":{"rendered":"https:\/\/www.hydrasub.com\/?page_id=64"},"modified":"2025-10-24T13:18:39","modified_gmt":"2025-10-24T11:18:39","slug":"katha-av-home","status":"publish","type":"page","link":"https:\/\/www.hydrasub.com\/","title":{"rendered":"KATHA AV HOME"},"content":{"rendered":"\t\t<div data-elementor-type=\"wp-page\" data-elementor-id=\"64\" class=\"elementor elementor-64\">\n\t\t\t\t\t\t<section class=\"elementor-section elementor-top-section elementor-element elementor-element-5e767d1 elementor-section-boxed elementor-section-height-default elementor-section-height-default\" data-id=\"5e767d1\" data-element_type=\"section\">\n\t\t\t\t\t\t<div class=\"elementor-container elementor-column-gap-default\">\n\t\t\t\t\t<div class=\"elementor-column elementor-col-100 elementor-top-column elementor-element elementor-element-27b3a75\" data-id=\"27b3a75\" data-element_type=\"column\">\n\t\t\t<div class=\"elementor-widget-wrap elementor-element-populated\">\n\t\t\t\t\t\t<div class=\"elementor-element elementor-element-29babdb elementor-widget elementor-widget-spacer\" data-id=\"29babdb\" data-element_type=\"widget\" data-widget_type=\"spacer.default\">\n\t\t\t\t<div class=\"elementor-widget-container\">\n\t\t\t\t\t\t\t<div class=\"elementor-spacer\">\n\t\t\t<div class=\"elementor-spacer-inner\"><\/div>\n\t\t<\/div>\n\t\t\t\t\t\t<\/div>\n\t\t\t\t<\/div>\n\t\t\t\t<div class=\"elementor-element elementor-element-70bebcc elementor-widget__width-initial elementor-widget-tablet__width-initial elementor-widget elementor-widget-heading\" data-id=\"70bebcc\" data-element_type=\"widget\" data-widget_type=\"heading.default\">\n\t\t\t\t<div class=\"elementor-widget-container\">\n\t\t\t\t\t<h2 class=\"elementor-heading-title elementor-size-default\">BIENVENIDO A MI ESPACIO<\/h2>\t\t\t\t<\/div>\n\t\t\t\t<\/div>\n\t\t\t\t<div class=\"elementor-element elementor-element-b1a848a elementor-widget elementor-widget-spacer\" data-id=\"b1a848a\" data-element_type=\"widget\" data-widget_type=\"spacer.default\">\n\t\t\t\t<div class=\"elementor-widget-container\">\n\t\t\t\t\t\t\t<div class=\"elementor-spacer\">\n\t\t\t<div class=\"elementor-spacer-inner\"><\/div>\n\t\t<\/div>\n\t\t\t\t\t\t<\/div>\n\t\t\t\t<\/div>\n\t\t\t\t\t<\/div>\n\t\t<\/div>\n\t\t\t\t\t<\/div>\n\t\t<\/section>\n\t\t\t\t<section class=\"elementor-section elementor-top-section elementor-element elementor-element-c2d6e3d elementor-section-full_width elementor-section-height-default elementor-section-height-default\" data-id=\"c2d6e3d\" data-element_type=\"section\">\n\t\t\t\t\t\t<div class=\"elementor-container elementor-column-gap-default\">\n\t\t\t\t\t<div class=\"elementor-column elementor-col-50 elementor-top-column elementor-element elementor-element-75997f7\" data-id=\"75997f7\" data-element_type=\"column\">\n\t\t\t<div class=\"elementor-widget-wrap elementor-element-populated\">\n\t\t\t\t\t\t<div class=\"elementor-element elementor-element-779e496 elementor-widget elementor-widget-image\" data-id=\"779e496\" data-element_type=\"widget\" data-widget_type=\"image.default\">\n\t\t\t\t<div class=\"elementor-widget-container\">\n\t\t\t\t\t\t\t\t\t\t\t\t\t\t\t<img fetchpriority=\"high\" decoding=\"async\" width=\"768\" height=\"768\" src=\"https:\/\/www.hydrasub.com\/wp-content\/uploads\/2025\/09\/Web-iMAGEN-1-768x768.png\" class=\"attachment-medium_large size-medium_large wp-image-100\" alt=\"\" srcset=\"https:\/\/www.hydrasub.com\/wp-content\/uploads\/2025\/09\/Web-iMAGEN-1-768x768.png 768w, https:\/\/www.hydrasub.com\/wp-content\/uploads\/2025\/09\/Web-iMAGEN-1-300x300.png 300w, https:\/\/www.hydrasub.com\/wp-content\/uploads\/2025\/09\/Web-iMAGEN-1-1024x1024.png 1024w, https:\/\/www.hydrasub.com\/wp-content\/uploads\/2025\/09\/Web-iMAGEN-1-150x150.png 150w, https:\/\/www.hydrasub.com\/wp-content\/uploads\/2025\/09\/Web-iMAGEN-1.png 1080w\" sizes=\"(max-width: 768px) 100vw, 768px\" \/>\t\t\t\t\t\t\t\t\t\t\t\t\t\t\t<\/div>\n\t\t\t\t<\/div>\n\t\t\t\t\t<\/div>\n\t\t<\/div>\n\t\t\t\t<div class=\"elementor-column elementor-col-50 elementor-top-column elementor-element elementor-element-aebe283\" data-id=\"aebe283\" data-element_type=\"column\" data-settings=\"{&quot;background_background&quot;:&quot;slideshow&quot;,&quot;background_slideshow_gallery&quot;:[],&quot;background_slideshow_loop&quot;:&quot;yes&quot;,&quot;background_slideshow_slide_duration&quot;:5000,&quot;background_slideshow_slide_transition&quot;:&quot;fade&quot;,&quot;background_slideshow_transition_duration&quot;:500}\">\n\t\t\t<div class=\"elementor-widget-wrap elementor-element-populated\">\n\t\t\t\t\t\t<div class=\"elementor-element elementor-element-05cb063 elementor-widget__width-initial elementor-widget elementor-widget-text-editor\" data-id=\"05cb063\" data-element_type=\"widget\" data-widget_type=\"text-editor.default\">\n\t\t\t\t<div class=\"elementor-widget-container\">\n\t\t\t\t\t\t\t\t\t<p data-start=\"236\" data-end=\"577\"><span style=\"text-decoration: underline;\"><span style=\"color: #808080; text-decoration: underline;\">\u00bfPARA QU\u00c9 SIRVE UNA ASISTENTE VIRTUAL?<\/span><\/span><\/p><p data-start=\"236\" data-end=\"577\"><span style=\"color: #808080;\">Emprender o dirigir un negocio es apasionante, pero tambi\u00e9n puede convertirse en una carga cuando todas las tareas recaen sobre ti. El tiempo es limitado y cada minuto que dedicas a gestiones administrativas, organizaci\u00f3n o redes sociales es un minuto que le quitas a lo m\u00e1s importante:\u00a0<\/span><\/p><p data-start=\"236\" data-end=\"577\"><span style=\"color: #808080;\"><strong data-start=\"523\" data-end=\"574\">Hacer crecer tu proyecto y disfrutar de tu vida<\/strong>.<\/span><\/p><p data-start=\"579\" data-end=\"632\"><span style=\"text-decoration: underline;\"><strong>Aqu\u00ed es donde entra en juego una Asistente Virtual.<\/strong><\/span><\/p>\t\t\t\t\t\t\t\t<\/div>\n\t\t\t\t<\/div>\n\t\t\t\t\t<\/div>\n\t\t<\/div>\n\t\t\t\t\t<\/div>\n\t\t<\/section>\n\t\t\t\t<section class=\"elementor-section elementor-top-section elementor-element elementor-element-2fd0172 elementor-section-boxed elementor-section-height-default elementor-section-height-default\" data-id=\"2fd0172\" data-element_type=\"section\">\n\t\t\t\t\t\t<div class=\"elementor-container elementor-column-gap-default\">\n\t\t\t\t\t<div class=\"elementor-column elementor-col-100 elementor-top-column elementor-element elementor-element-108bc7c\" data-id=\"108bc7c\" data-element_type=\"column\">\n\t\t\t<div class=\"elementor-widget-wrap elementor-element-populated\">\n\t\t\t\t\t\t<div class=\"elementor-element elementor-element-fae1ff6 elementor-widget__width-initial elementor-widget-tablet__width-initial elementor-widget elementor-widget-text-editor\" data-id=\"fae1ff6\" data-element_type=\"widget\" data-widget_type=\"text-editor.default\">\n\t\t\t\t<div class=\"elementor-widget-container\">\n\t\t\t\t\t\t\t\t\t<h1><span style=\"color: #ffffff;\">AL DELEGAR EN M\u00cd, GANAS:<\/span><\/h1>\t\t\t\t\t\t\t\t<\/div>\n\t\t\t\t<\/div>\n\t\t\t\t\t<\/div>\n\t\t<\/div>\n\t\t\t\t\t<\/div>\n\t\t<\/section>\n\t\t\t\t<section class=\"elementor-section elementor-top-section elementor-element elementor-element-b0339f8 elementor-section-full_width elementor-section-height-default elementor-section-height-default\" data-id=\"b0339f8\" data-element_type=\"section\">\n\t\t\t\t\t\t<div class=\"elementor-container elementor-column-gap-default\">\n\t\t\t\t\t<div class=\"elementor-column elementor-col-100 elementor-top-column elementor-element elementor-element-8cdad90\" data-id=\"8cdad90\" data-element_type=\"column\" data-settings=\"{&quot;background_background&quot;:&quot;slideshow&quot;,&quot;background_slideshow_gallery&quot;:[],&quot;background_slideshow_loop&quot;:&quot;yes&quot;,&quot;background_slideshow_slide_duration&quot;:5000,&quot;background_slideshow_slide_transition&quot;:&quot;fade&quot;,&quot;background_slideshow_transition_duration&quot;:500}\">\n\t\t\t<div class=\"elementor-widget-wrap elementor-element-populated\">\n\t\t\t\t\t\t<div class=\"elementor-element elementor-element-0667f28 elementor-widget elementor-widget-text-editor\" data-id=\"0667f28\" data-element_type=\"widget\" data-widget_type=\"text-editor.default\">\n\t\t\t\t<div class=\"elementor-widget-container\">\n\t\t\t\t\t\t\t\t\t<p data-start=\"662\" data-end=\"999\"><img decoding=\"async\" class=\"emoji\" role=\"img\" draggable=\"false\" src=\"https:\/\/s.w.org\/images\/core\/emoji\/16.0.1\/svg\/2728.svg\" alt=\"\u2728\" \/>\u00a0<span style=\"color: #ffffff;\"><strong data-start=\"664\" data-end=\"674\">Tiempo<\/strong>\u00a0para centrarte en lo estrat\u00e9gico y en lo que realmente te apasiona.<\/span><br data-start=\"742\" data-end=\"745\" \/><span style=\"color: #ffffff;\"><img decoding=\"async\" class=\"emoji\" role=\"img\" draggable=\"false\" src=\"https:\/\/s.w.org\/images\/core\/emoji\/16.0.1\/svg\/2728.svg\" alt=\"\u2728\" \/>\u00a0<strong data-start=\"747\" data-end=\"763\">Organizaci\u00f3n<\/strong>: tus tareas estar\u00e1n bajo control, sin caos ni olvidos.<\/span><br data-start=\"818\" data-end=\"821\" \/><span style=\"color: #ffffff;\"><img decoding=\"async\" class=\"emoji\" role=\"img\" draggable=\"false\" src=\"https:\/\/s.w.org\/images\/core\/emoji\/16.0.1\/svg\/2728.svg\" alt=\"\u2728\" \/>\u00a0<strong data-start=\"823\" data-end=\"837\">Eficiencia<\/strong>: procesos m\u00e1s \u00e1giles, menos estr\u00e9s y m\u00e1s resultados.<\/span><br data-start=\"890\" data-end=\"893\" \/><span style=\"color: #ffffff;\"><img decoding=\"async\" class=\"emoji\" role=\"img\" draggable=\"false\" src=\"https:\/\/s.w.org\/images\/core\/emoji\/16.0.1\/svg\/2728.svg\" alt=\"\u2728\" \/>\u00a0<strong data-start=\"895\" data-end=\"911\">Flexibilidad<\/strong>: me adapto a tus necesidades y herramientas, sin costes fijos de oficina o plantilla.<\/span><\/p><p data-start=\"1001\" data-end=\"1178\"><span style=\"color: #ffffff;\">En otras palabras: no necesitas hacerlo todo t\u00fa. Con una mano derecha digital a tu lado, tu negocio funciona mientras t\u00fa recuperas el equilibrio entre trabajo y vida personal.<\/span><\/p>\t\t\t\t\t\t\t\t<\/div>\n\t\t\t\t<\/div>\n\t\t\t\t\t<\/div>\n\t\t<\/div>\n\t\t\t\t\t<\/div>\n\t\t<\/section>\n\t\t\t\t<section class=\"elementor-section elementor-top-section elementor-element elementor-element-cdad944 elementor-section-boxed elementor-section-height-default elementor-section-height-default\" data-id=\"cdad944\" data-element_type=\"section\">\n\t\t\t\t\t\t<div class=\"elementor-container elementor-column-gap-default\">\n\t\t\t\t\t<div class=\"elementor-column elementor-col-100 elementor-top-column elementor-element elementor-element-1908a1d\" data-id=\"1908a1d\" data-element_type=\"column\">\n\t\t\t<div class=\"elementor-widget-wrap elementor-element-populated\">\n\t\t\t\t\t\t<div class=\"elementor-element elementor-element-2df9c78 elementor-widget-tablet__width-initial elementor-widget elementor-widget-text-editor\" data-id=\"2df9c78\" data-element_type=\"widget\" data-widget_type=\"text-editor.default\">\n\t\t\t\t<div class=\"elementor-widget-container\">\n\t\t\t\t\t\t\t\t\t<p><strong>CONT\u00c1CTAME PARA M\u00c1S INFORMACI\u00d3N<\/strong><\/p><p><strong>kathadold@gmail.com<\/strong><\/p><p><strong>+34 673 649 631<\/strong><\/p>\t\t\t\t\t\t\t\t<\/div>\n\t\t\t\t<\/div>\n\t\t\t\t\t<\/div>\n\t\t<\/div>\n\t\t\t\t\t<\/div>\n\t\t<\/section>\n\t\t\t\t<section class=\"elementor-section elementor-top-section elementor-element elementor-element-8fb5c20 elementor-section-boxed elementor-section-height-default elementor-section-height-default\" data-id=\"8fb5c20\" data-element_type=\"section\">\n\t\t\t\t\t\t<div class=\"elementor-container elementor-column-gap-default\">\n\t\t\t\t\t<div class=\"elementor-column elementor-col-100 elementor-top-column elementor-element elementor-element-bafb164\" data-id=\"bafb164\" data-element_type=\"column\">\n\t\t\t<div class=\"elementor-widget-wrap elementor-element-populated\">\n\t\t\t\t\t\t<div class=\"elementor-element elementor-element-c679e40 elementor-widget-tablet__width-initial elementor-widget elementor-widget-image\" data-id=\"c679e40\" data-element_type=\"widget\" data-widget_type=\"image.default\">\n\t\t\t\t<div class=\"elementor-widget-container\">\n\t\t\t\t\t\t\t\t\t\t\t\t\t\t\t<img decoding=\"async\" width=\"150\" height=\"150\" src=\"https:\/\/www.hydrasub.com\/wp-content\/uploads\/2025\/09\/logo-SIN-FONDO-150x150.png\" class=\"attachment-thumbnail size-thumbnail wp-image-55\" alt=\"\" srcset=\"https:\/\/www.hydrasub.com\/wp-content\/uploads\/2025\/09\/logo-SIN-FONDO-150x150.png 150w, https:\/\/www.hydrasub.com\/wp-content\/uploads\/2025\/09\/logo-SIN-FONDO-300x300.png 300w, https:\/\/www.hydrasub.com\/wp-content\/uploads\/2025\/09\/logo-SIN-FONDO.png 500w\" sizes=\"(max-width: 150px) 100vw, 150px\" \/>\t\t\t\t\t\t\t\t\t\t\t\t\t\t\t<\/div>\n\t\t\t\t<\/div>\n\t\t\t\t\t<\/div>\n\t\t<\/div>\n\t\t\t\t\t<\/div>\n\t\t<\/section>\n\t\t\t\t<section class=\"elementor-section elementor-top-section elementor-element elementor-element-f01bfcc elementor-section-boxed elementor-section-height-default elementor-section-height-default\" data-id=\"f01bfcc\" data-element_type=\"section\">\n\t\t\t\t\t\t<div class=\"elementor-container elementor-column-gap-default\">\n\t\t\t\t\t<div class=\"elementor-column elementor-col-100 elementor-top-column elementor-element elementor-element-0b4807c\" data-id=\"0b4807c\" data-element_type=\"column\">\n\t\t\t<div class=\"elementor-widget-wrap\">\n\t\t\t\t\t\t\t<\/div>\n\t\t<\/div>\n\t\t\t\t\t<\/div>\n\t\t<\/section>\n\t\t\t\t<\/div>\n\t\t","protected":false},"excerpt":{"rendered":"<p>BIENVENIDO A MI ESPACIO \u00bfPARA QU\u00c9 SIRVE UNA ASISTENTE VIRTUAL? Emprender o dirigir un negocio es apasionante, pero tambi\u00e9n puede convertirse en una carga cuando todas las tareas recaen sobre ti. El tiempo es limitado y cada minuto que dedicas a gestiones administrativas, organizaci\u00f3n o redes sociales es un minuto que le quitas a lo [&hellip;]<\/p>\n","protected":false},"author":1,"featured_media":0,"parent":0,"menu_order":0,"comment_status":"closed","ping_status":"closed","template":"elementor_canvas","meta":{"_joinchat":[],"footnotes":""},"class_list":["post-64","page","type-page","status-publish","hentry"],"yoast_head":"<!-- This site is optimized with the Yoast SEO plugin v26.3 - https:\/\/yoast.com\/wordpress\/plugins\/seo\/ -->\n<title>KATHA AV HOME - Katharina AV<\/title>\n<meta name=\"description\" content=\"Asistente Virtual, Administrativa, Gesti\u00f3n RRSS, Atenci\u00f3n al cliente,\" \/>\n<meta name=\"robots\" content=\"index, follow, max-snippet:-1, max-image-preview:large, max-video-preview:-1\" \/>\n<link rel=\"canonical\" href=\"https:\/\/www.hydrasub.com\/\" \/>\n<meta property=\"og:locale\" content=\"es_ES\" \/>\n<meta property=\"og:type\" content=\"article\" \/>\n<meta property=\"og:title\" content=\"KATHA AV HOME - Katharina AV\" \/>\n<meta property=\"og:description\" content=\"Asistente Virtual, Administrativa, Gesti\u00f3n RRSS, Atenci\u00f3n al cliente,\" \/>\n<meta property=\"og:url\" content=\"https:\/\/www.hydrasub.com\/\" \/>\n<meta property=\"og:site_name\" content=\"Katharina AV\" \/>\n<meta property=\"article:modified_time\" content=\"2025-10-24T11:18:39+00:00\" \/>\n<meta property=\"og:image\" content=\"https:\/\/www.hydrasub.com\/wp-content\/uploads\/2025\/09\/Web-iMAGEN-1.png\" \/>\n\t<meta property=\"og:image:width\" content=\"1080\" \/>\n\t<meta property=\"og:image:height\" content=\"1080\" \/>\n\t<meta property=\"og:image:type\" content=\"image\/png\" \/>\n<meta name=\"twitter:card\" content=\"summary_large_image\" \/>\n<meta name=\"twitter:label1\" content=\"Tiempo de lectura\" \/>\n\t<meta name=\"twitter:data1\" content=\"2 minutos\" \/>\n<script type=\"application\/ld+json\" class=\"yoast-schema-graph\">{\"@context\":\"https:\/\/schema.org\",\"@graph\":[{\"@type\":\"WebPage\",\"@id\":\"https:\/\/www.hydrasub.com\/\",\"url\":\"https:\/\/www.hydrasub.com\/\",\"name\":\"KATHA AV HOME - Katharina AV\",\"isPartOf\":{\"@id\":\"https:\/\/www.hydrasub.com\/#website\"},\"primaryImageOfPage\":{\"@id\":\"https:\/\/www.hydrasub.com\/#primaryimage\"},\"image\":{\"@id\":\"https:\/\/www.hydrasub.com\/#primaryimage\"},\"thumbnailUrl\":\"https:\/\/www.hydrasub.com\/wp-content\/uploads\/2025\/09\/Web-iMAGEN-1-768x768.png\",\"datePublished\":\"2025-09-26T21:25:55+00:00\",\"dateModified\":\"2025-10-24T11:18:39+00:00\",\"description\":\"Asistente Virtual, Administrativa, Gesti\u00f3n RRSS, Atenci\u00f3n al cliente,\",\"breadcrumb\":{\"@id\":\"https:\/\/www.hydrasub.com\/#breadcrumb\"},\"inLanguage\":\"es\",\"potentialAction\":[{\"@type\":\"ReadAction\",\"target\":[\"https:\/\/www.hydrasub.com\/\"]}]},{\"@type\":\"ImageObject\",\"inLanguage\":\"es\",\"@id\":\"https:\/\/www.hydrasub.com\/#primaryimage\",\"url\":\"https:\/\/www.hydrasub.com\/wp-content\/uploads\/2025\/09\/Web-iMAGEN-1.png\",\"contentUrl\":\"https:\/\/www.hydrasub.com\/wp-content\/uploads\/2025\/09\/Web-iMAGEN-1.png\",\"width\":1080,\"height\":1080},{\"@type\":\"BreadcrumbList\",\"@id\":\"https:\/\/www.hydrasub.com\/#breadcrumb\",\"itemListElement\":[{\"@type\":\"ListItem\",\"position\":1,\"name\":\"Portada\",\"item\":\"https:\/\/www.hydrasub.com\/\"},{\"@type\":\"ListItem\",\"position\":2,\"name\":\"KATHA AV HOME\"}]},{\"@type\":\"WebSite\",\"@id\":\"https:\/\/www.hydrasub.com\/#website\",\"url\":\"https:\/\/www.hydrasub.com\/\",\"name\":\"KATHARINA ASISTENTE VIRTUAL\",\"description\":\"Asistente Virtual - Salud, Deporte, Fitness\",\"potentialAction\":[{\"@type\":\"SearchAction\",\"target\":{\"@type\":\"EntryPoint\",\"urlTemplate\":\"https:\/\/www.hydrasub.com\/?s={search_term_string}\"},\"query-input\":{\"@type\":\"PropertyValueSpecification\",\"valueRequired\":true,\"valueName\":\"search_term_string\"}}],\"inLanguage\":\"es\"}]}<\/script>\n<!-- \/ Yoast SEO plugin. -->","yoast_head_json":{"title":"KATHA AV HOME - Katharina AV","description":"Asistente Virtual, Administrativa, Gesti\u00f3n RRSS, Atenci\u00f3n al cliente,","robots":{"index":"index","follow":"follow","max-snippet":"max-snippet:-1","max-image-preview":"max-image-preview:large","max-video-preview":"max-video-preview:-1"},"canonical":"https:\/\/www.hydrasub.com\/","og_locale":"es_ES","og_type":"article","og_title":"KATHA AV HOME - Katharina AV","og_description":"Asistente Virtual, Administrativa, Gesti\u00f3n RRSS, Atenci\u00f3n al cliente,","og_url":"https:\/\/www.hydrasub.com\/","og_site_name":"Katharina AV","article_modified_time":"2025-10-24T11:18:39+00:00","og_image":[{"width":1080,"height":1080,"url":"https:\/\/www.hydrasub.com\/wp-content\/uploads\/2025\/09\/Web-iMAGEN-1.png","type":"image\/png"}],"twitter_card":"summary_large_image","twitter_misc":{"Tiempo de lectura":"2 minutos"},"schema":{"@context":"https:\/\/schema.org","@graph":[{"@type":"WebPage","@id":"https:\/\/www.hydrasub.com\/","url":"https:\/\/www.hydrasub.com\/","name":"KATHA AV HOME - Katharina AV","isPartOf":{"@id":"https:\/\/www.hydrasub.com\/#website"},"primaryImageOfPage":{"@id":"https:\/\/www.hydrasub.com\/#primaryimage"},"image":{"@id":"https:\/\/www.hydrasub.com\/#primaryimage"},"thumbnailUrl":"https:\/\/www.hydrasub.com\/wp-content\/uploads\/2025\/09\/Web-iMAGEN-1-768x768.png","datePublished":"2025-09-26T21:25:55+00:00","dateModified":"2025-10-24T11:18:39+00:00","description":"Asistente Virtual, Administrativa, Gesti\u00f3n RRSS, Atenci\u00f3n al cliente,","breadcrumb":{"@id":"https:\/\/www.hydrasub.com\/#breadcrumb"},"inLanguage":"es","potentialAction":[{"@type":"ReadAction","target":["https:\/\/www.hydrasub.com\/"]}]},{"@type":"ImageObject","inLanguage":"es","@id":"https:\/\/www.hydrasub.com\/#primaryimage","url":"https:\/\/www.hydrasub.com\/wp-content\/uploads\/2025\/09\/Web-iMAGEN-1.png","contentUrl":"https:\/\/www.hydrasub.com\/wp-content\/uploads\/2025\/09\/Web-iMAGEN-1.png","width":1080,"height":1080},{"@type":"BreadcrumbList","@id":"https:\/\/www.hydrasub.com\/#breadcrumb","itemListElement":[{"@type":"ListItem","position":1,"name":"Portada","item":"https:\/\/www.hydrasub.com\/"},{"@type":"ListItem","position":2,"name":"KATHA AV HOME"}]},{"@type":"WebSite","@id":"https:\/\/www.hydrasub.com\/#website","url":"https:\/\/www.hydrasub.com\/","name":"KATHARINA ASISTENTE VIRTUAL","description":"Asistente Virtual - Salud, Deporte, Fitness","potentialAction":[{"@type":"SearchAction","target":{"@type":"EntryPoint","urlTemplate":"https:\/\/www.hydrasub.com\/?s={search_term_string}"},"query-input":{"@type":"PropertyValueSpecification","valueRequired":true,"valueName":"search_term_string"}}],"inLanguage":"es"}]}},"_links":{"self":[{"href":"https:\/\/www.hydrasub.com\/index.php\/wp-json\/wp\/v2\/pages\/64","targetHints":{"allow":["GET"]}}],"collection":[{"href":"https:\/\/www.hydrasub.com\/index.php\/wp-json\/wp\/v2\/pages"}],"about":[{"href":"https:\/\/www.hydrasub.com\/index.php\/wp-json\/wp\/v2\/types\/page"}],"author":[{"embeddable":true,"href":"https:\/\/www.hydrasub.com\/index.php\/wp-json\/wp\/v2\/users\/1"}],"replies":[{"embeddable":true,"href":"https:\/\/www.hydrasub.com\/index.php\/wp-json\/wp\/v2\/comments?post=64"}],"version-history":[{"count":54,"href":"https:\/\/www.hydrasub.com\/index.php\/wp-json\/wp\/v2\/pages\/64\/revisions"}],"predecessor-version":[{"id":137,"href":"https:\/\/www.hydrasub.com\/index.php\/wp-json\/wp\/v2\/pages\/64\/revisions\/137"}],"wp:attachment":[{"href":"https:\/\/www.hydrasub.com\/index.php\/wp-json\/wp\/v2\/media?parent=64"}],"curies":[{"name":"wp","href":"https:\/\/api.w.org\/{rel}","templated":true}]}}